{"id":873,"date":"2020-09-06T15:17:10","date_gmt":"2020-09-06T12:17:10","guid":{"rendered":"http:\/\/www.nuhdem.com.tr\/tr\/?page_id=873"},"modified":"2020-12-07T14:08:27","modified_gmt":"2020-12-07T11:08:27","slug":"orginal","status":"publish","type":"page","link":"http:\/\/www.nuhdem.com.tr\/tr\/urunlerimiz\/polikarbonat\/orginal\/","title":{"rendered":"Nuhdem Orjinal"},"content":{"rendered":"<p>[vc_row][vc_column][vc_separator][\/vc_column][\/vc_row][vc_row][vc_column width=&#8221;1\/2&#8243;][vc_column_text css=&#8221;.vc_custom_1607339288956{margin-top: -70px !important;}&#8221;]<\/p>\n<p>\n\n\t<div class='ngg-imagebrowser'\n         id='ngg-imagebrowser-b226f43c998b3e439edd31a690dead9c-873'\n         data-nextgen-gallery-id=\"b226f43c998b3e439edd31a690dead9c\">\n\n        <h3>nuhdem_orjinal_1<\/h3>\n\n        <div id=\"ngg-image-0\" class=\"pic\" >\n\n        <a href='http:\/\/www.nuhdem.com.tr\/wp-content\/gallery\/nuhdem-orjinal\/nuhdem_orjinal_1.jpg'\n           title=' '\n           data-src=\"http:\/\/www.nuhdem.com.tr\/wp-content\/gallery\/nuhdem-orjinal\/nuhdem_orjinal_1.jpg\"\n           data-thumbnail=\"http:\/\/www.nuhdem.com.tr\/wp-content\/gallery\/nuhdem-orjinal\/thumbs\/thumbs_nuhdem_orjinal_1.jpg\"\n           data-image-id=\"76\"\n           data-title=\"nuhdem_orjinal_1\"\n           data-description=\" \"\n           class=\"ngg-simplelightbox\" rel=\"b226f43c998b3e439edd31a690dead9c\">\n            <img title='nuhdem_orjinal_1'\n                 alt='nuhdem_orjinal_1'\n                 src='http:\/\/www.nuhdem.com.tr\/wp-content\/gallery\/nuhdem-orjinal\/nuhdem_orjinal_1.jpg'\/>\n        <\/a>\n\n        <\/div> \n\n        <div class='ngg-imagebrowser-nav'>\n\n            <div class='back'>\n                <a class='ngg-browser-prev'\n                   id='ngg-prev-59'\n                   href='http:\/\/www.nuhdem.com.tr\/tr\/urunlerimiz\/polikarbonat\/orginal\/nggallery\/image\/nuhdem_orjinal_2\/'>\n                    &#9668; Back                <\/a>\n            <\/div>\n\n            <div class='next'>\n                <a class='ngg-browser-next'\n                   id='ngg-next-61'\n                   href='http:\/\/www.nuhdem.com.tr\/tr\/urunlerimiz\/polikarbonat\/orginal\/nggallery\/image\/nuhdem_orjinal_4\/'>\n                    Next                    &#9658;\n                <\/a>\n            <\/div>\n\n            <div class='counter'>\n                Picture                1                of                4            <\/div>\n\n            <div class='ngg-imagebrowser-desc'>\n                <p> <\/p>\n            <\/div>\n\n        <\/div>\n    <\/div>\n\n[\/vc_column_text][\/vc_column][vc_column width=&#8221;1\/2&#8243;][vc_column_text]<\/p>\n<p class=\"font_8\"><strong>2004 y\u0131l\u0131ndan beri kendini d\u00fcnyada kan\u0131tlam\u0131\u015f tasar\u0131m.<br \/>\nTasar\u0131m olarak \u00f6zel oldu\u011fu gibi, maksimum geri d\u00f6n\u00fc\u015f say\u0131s\u0131 sa\u011flamak i\u00e7in rakipsiz.<\/strong><\/p>\n<p>[\/vc_column_text][vc_separator][\/vc_column][\/vc_row][vc_row][vc_column][\/vc_column][\/vc_row]<\/p>\n","protected":false},"excerpt":{"rendered":"<p>[vc_row][vc_column][vc_separator][\/vc_column][\/vc_row][vc_row][vc_column width=&#8221;1\/2&#8243;][vc_column_text css=&#8221;.vc_custom_1607339288956{margin-top: -70px !important;}&#8221;] [\/vc_column_text][\/vc_column][vc_column width=&#8221;1\/2&#8243;][vc_column_text] 2004 y\u0131l\u0131ndan beri kendini d\u00fcnyada kan\u0131tlam\u0131\u015f tasar\u0131m. Tasar\u0131m olarak \u00f6zel oldu\u011fu gibi, maksimum geri &#8230;<\/p>\n","protected":false},"author":1,"featured_media":0,"parent":1234,"menu_order":0,"comment_status":"closed","ping_status":"closed","template":"","meta":{"ngg_post_thumbnail":0,"footnotes":""},"_links":{"self":[{"href":"http:\/\/www.nuhdem.com.tr\/tr\/wp-json\/wp\/v2\/pages\/873"}],"collection":[{"href":"http:\/\/www.nuhdem.com.tr\/tr\/wp-json\/wp\/v2\/pages"}],"about":[{"href":"http:\/\/www.nuhdem.com.tr\/tr\/wp-json\/wp\/v2\/types\/page"}],"author":[{"embeddable":true,"href":"http:\/\/www.nuhdem.com.tr\/tr\/wp-json\/wp\/v2\/users\/1"}],"replies":[{"embeddable":true,"href":"http:\/\/www.nuhdem.com.tr\/tr\/wp-json\/wp\/v2\/comments?post=873"}],"version-history":[{"count":49,"href":"http:\/\/www.nuhdem.com.tr\/tr\/wp-json\/wp\/v2\/pages\/873\/revisions"}],"predecessor-version":[{"id":1543,"href":"http:\/\/www.nuhdem.com.tr\/tr\/wp-json\/wp\/v2\/pages\/873\/revisions\/1543"}],"up":[{"embeddable":true,"href":"http:\/\/www.nuhdem.com.tr\/tr\/wp-json\/wp\/v2\/pages\/1234"}],"wp:attachment":[{"href":"http:\/\/www.nuhdem.com.tr\/tr\/wp-json\/wp\/v2\/media?parent=873"}],"curies":[{"name":"wp","href":"https:\/\/api.w.org\/{rel}","templated":true}]}}