{"id":881,"date":"2020-09-06T15:22:03","date_gmt":"2020-09-06T12:22:03","guid":{"rendered":"http:\/\/www.nuhdem.com.tr\/tr\/?page_id=881"},"modified":"2020-12-06T18:55:04","modified_gmt":"2020-12-06T15:55:04","slug":"nestle-pure-life","status":"publish","type":"page","link":"http:\/\/www.nuhdem.com.tr\/tr\/urunlerimiz\/polikarbonat\/nestle-pure-life\/","title":{"rendered":"Nestle Pure Life"},"content":{"rendered":"<p>[vc_row][vc_column][vc_separator][\/vc_column][\/vc_row][vc_row][vc_column width=&#8221;1\/2&#8243;][vc_column_text css=&#8221;.vc_custom_1607266811069{margin-top: -70px !important;}&#8221;]<\/p>\n<p>\n\n\t<div class='ngg-imagebrowser default-view'\n         id='ngg-imagebrowser-a89151d090916bd664abb18d6913d924-881'\n         data-nextgen-gallery-id=\"a89151d090916bd664abb18d6913d924\">\n\n        <h3>nuhdem_nestlepurelife<\/h3>\n\n\t\t<div id=\"ngg-image-0\" class=\"pic\" >\n        \n        <a href='http:\/\/www.nuhdem.com.tr\/wp-content\/gallery\/nestle-pure-life\/nuhdem_nestlepurelife.jpg'\n           title=' '\n           data-src=\"http:\/\/www.nuhdem.com.tr\/wp-content\/gallery\/nestle-pure-life\/nuhdem_nestlepurelife.jpg\"\n           data-thumbnail=\"http:\/\/www.nuhdem.com.tr\/wp-content\/gallery\/nestle-pure-life\/thumbs\/thumbs_nuhdem_nestlepurelife.jpg\"\n           data-image-id=\"77\"\n           data-title=\"nuhdem_nestlepurelife\"\n           data-description=\" \"\n           class=\"ngg-simplelightbox\" rel=\"a89151d090916bd664abb18d6913d924\">\n            <img title='nuhdem_nestlepurelife'\n                 alt='nuhdem_nestlepurelife'\n                 src='http:\/\/www.nuhdem.com.tr\/wp-content\/gallery\/nestle-pure-life\/nuhdem_nestlepurelife.jpg'\/>\n        <\/a>\n\t    \n        <\/div> \n\n        <div class='ngg-imagebrowser-nav'>\n\n            <div class='back'>\n                <a class='ngg-browser-prev'\n                   id='ngg-prev-77'\n                   href='http:\/\/www.nuhdem.com.tr\/tr\/urunlerimiz\/polikarbonat\/nestle-pure-life\/nggallery\/image\/nuhdem_nestlepurelife\/'>\n                    <i class=\"fa fa-chevron-left\" aria-hidden=\"true\"><\/i>\n                <\/a>\n            <\/div>\n\n            <div class='next'>\n                <a class='ngg-browser-next'\n                   id='ngg-next-77'\n                   href='http:\/\/www.nuhdem.com.tr\/tr\/urunlerimiz\/polikarbonat\/nestle-pure-life\/nggallery\/image\/nuhdem_nestlepurelife\/'>\n                    <i class=\"fa fa-chevron-right\" aria-hidden=\"true\"><\/i>\n                <\/a>\n            <\/div>\n\n            <div class='counter'>\n                Image                1                of                1            <\/div>\n\n            <div class='ngg-imagebrowser-desc'>\n                <p> <\/p>\n            <\/div>\n\n        <\/div>\n    <\/div>\n\n[\/vc_column_text][\/vc_column][vc_column width=&#8221;1\/2&#8243;][vc_column_text]<\/p>\n<p class=\"font_8\"><strong>Nestle firmas\u0131na \u00f6zel yap\u0131lm\u0131\u015f olan damacana \u015fi\u015femizdir.<\/strong><\/p>\n<p>[\/vc_column_text][vc_separator][\/vc_column][\/vc_row][vc_row][vc_column][\/vc_column][\/vc_row]<\/p>\n","protected":false},"excerpt":{"rendered":"<p>[vc_row][vc_column][vc_separator][\/vc_column][\/vc_row][vc_row][vc_column width=&#8221;1\/2&#8243;][vc_column_text css=&#8221;.vc_custom_1607266811069{margin-top: -70px !important;}&#8221;] [\/vc_column_text][\/vc_column][vc_column width=&#8221;1\/2&#8243;][vc_column_text] Nestle firmas\u0131na \u00f6zel yap\u0131lm\u0131\u015f olan damacana \u015fi\u015femizdir. [\/vc_column_text][vc_separator][\/vc_column][\/vc_row][vc_row][vc_column][\/vc_column][\/vc_row]<\/p>\n","protected":false},"author":1,"featured_media":0,"parent":1234,"menu_order":0,"comment_status":"closed","ping_status":"closed","template":"","meta":{"ngg_post_thumbnail":0,"footnotes":""},"_links":{"self":[{"href":"http:\/\/www.nuhdem.com.tr\/tr\/wp-json\/wp\/v2\/pages\/881"}],"collection":[{"href":"http:\/\/www.nuhdem.com.tr\/tr\/wp-json\/wp\/v2\/pages"}],"about":[{"href":"http:\/\/www.nuhdem.com.tr\/tr\/wp-json\/wp\/v2\/types\/page"}],"author":[{"embeddable":true,"href":"http:\/\/www.nuhdem.com.tr\/tr\/wp-json\/wp\/v2\/users\/1"}],"replies":[{"embeddable":true,"href":"http:\/\/www.nuhdem.com.tr\/tr\/wp-json\/wp\/v2\/comments?post=881"}],"version-history":[{"count":9,"href":"http:\/\/www.nuhdem.com.tr\/tr\/wp-json\/wp\/v2\/pages\/881\/revisions"}],"predecessor-version":[{"id":1462,"href":"http:\/\/www.nuhdem.com.tr\/tr\/wp-json\/wp\/v2\/pages\/881\/revisions\/1462"}],"up":[{"embeddable":true,"href":"http:\/\/www.nuhdem.com.tr\/tr\/wp-json\/wp\/v2\/pages\/1234"}],"wp:attachment":[{"href":"http:\/\/www.nuhdem.com.tr\/tr\/wp-json\/wp\/v2\/media?parent=881"}],"curies":[{"name":"wp","href":"https:\/\/api.w.org\/{rel}","templated":true}]}}