{"id":1305,"date":"2020-11-15T09:40:42","date_gmt":"2020-11-15T06:40:42","guid":{"rendered":"http:\/\/www.nuhdem.com.tr\/tr\/?page_id=1305"},"modified":"2020-12-11T05:27:17","modified_gmt":"2020-12-11T02:27:17","slug":"dort-kusakli","status":"publish","type":"page","link":"https:\/\/www.nuhdem.com.tr\/tr\/urunlerimiz\/bpa-siz-damacana\/dort-kusakli\/","title":{"rendered":"D\u00f6rt Ku\u015fakl\u0131"},"content":{"rendered":"<p>[vc_row][vc_column][vc_separator][\/vc_column][\/vc_row][vc_row][vc_column width=&#8221;1\/2&#8243;][vc_column_text css=&#8221;.vc_custom_1602197998709{margin-top: -70px !important;}&#8221;]<\/p>\n<p>\n\n\t<div class='ngg-imagebrowser default-view'\n         id='ngg-imagebrowser-70042dbbb7119d571c90eefadc73dc2d-1305'\n         data-nextgen-gallery-id=\"70042dbbb7119d571c90eefadc73dc2d\">\n\n        <h3>nuhdem_dort_kusak<\/h3>\n\n\t\t<div id=\"ngg-image-0\" class=\"pic\" >\n        \n        <a href='https:\/\/www.nuhdem.com.tr\/wp-content\/gallery\/dort-kusak\/nuhdem_dort_kusak.jpg'\n           title=' '\n           data-src=\"https:\/\/www.nuhdem.com.tr\/wp-content\/gallery\/dort-kusak\/nuhdem_dort_kusak.jpg\"\n           data-thumbnail=\"https:\/\/www.nuhdem.com.tr\/wp-content\/gallery\/dort-kusak\/thumbs\/thumbs_nuhdem_dort_kusak.jpg\"\n           data-image-id=\"80\"\n           data-title=\"nuhdem_dort_kusak\"\n           data-description=\" \"\n           class=\"ngg-simplelightbox\" rel=\"70042dbbb7119d571c90eefadc73dc2d\">\n            <img title='nuhdem_dort_kusak'\n                 alt='nuhdem_dort_kusak'\n                 src='https:\/\/www.nuhdem.com.tr\/wp-content\/gallery\/dort-kusak\/nuhdem_dort_kusak.jpg'\/>\n        <\/a>\n\t    \n        <\/div> \n\n        <div class='ngg-imagebrowser-nav'>\n\n            <div class='back'>\n                <a class='ngg-browser-prev'\n                   id='ngg-prev-80'\n                   href='https:\/\/www.nuhdem.com.tr\/tr\/urunlerimiz\/bpa-siz-damacana\/dort-kusakli\/nggallery\/image\/nuhdem_dort_kusak\/'>\n                    <i class=\"fa fa-chevron-left\" aria-hidden=\"true\"><\/i>\n                <\/a>\n            <\/div>\n\n            <div class='next'>\n                <a class='ngg-browser-next'\n                   id='ngg-next-80'\n                   href='https:\/\/www.nuhdem.com.tr\/tr\/urunlerimiz\/bpa-siz-damacana\/dort-kusakli\/nggallery\/image\/nuhdem_dort_kusak\/'>\n                    <i class=\"fa fa-chevron-right\" aria-hidden=\"true\"><\/i>\n                <\/a>\n            <\/div>\n\n            <div class='counter'>\n                Image                1                of                1            <\/div>\n\n            <div class='ngg-imagebrowser-desc'>\n                <p> <\/p>\n            <\/div>\n\n        <\/div>\n    <\/div>\n\n[\/vc_column_text][\/vc_column][vc_column width=&#8221;1\/2&#8243;][vc_column_text]<\/p>\n<p class=\"font_8\"><strong>E\u015fsiz tasar\u0131m\u0131 sayesinde farkl\u0131l\u0131k arayan m\u00fc\u015fterilerimiz i\u00e7in \u00fcst\u00fcn dayan\u0131ml\u0131 damacana \u015fi\u015fe olarak tasarlanm\u0131\u015ft\u0131r.<\/strong><\/p>\n<p>[\/vc_column_text][vc_separator][\/vc_column][\/vc_row][vc_row][vc_column][\/vc_column][\/vc_row]<\/p>\n","protected":false},"excerpt":{"rendered":"<p>[vc_row][vc_column][vc_separator][\/vc_column][\/vc_row][vc_row][vc_column width=&#8221;1\/2&#8243;][vc_column_text css=&#8221;.vc_custom_1602197998709{margin-top: -70px !important;}&#8221;] [\/vc_column_text][\/vc_column][vc_column width=&#8221;1\/2&#8243;][vc_column_text] E\u015fsiz tasar\u0131m\u0131 sayesinde farkl\u0131l\u0131k arayan m\u00fc\u015fterilerimiz i\u00e7in \u00fcst\u00fcn dayan\u0131ml\u0131 damacana \u015fi\u015fe olarak tasarlanm\u0131\u015ft\u0131r. [\/vc_column_text][vc_separator][\/vc_column][\/vc_row][vc_row][vc_column][\/vc_column][\/vc_row]<\/p>\n","protected":false},"author":1,"featured_media":0,"parent":1236,"menu_order":0,"comment_status":"closed","ping_status":"closed","template":"","meta":{"ngg_post_thumbnail":0,"footnotes":""},"_links":{"self":[{"href":"https:\/\/www.nuhdem.com.tr\/tr\/wp-json\/wp\/v2\/pages\/1305"}],"collection":[{"href":"https:\/\/www.nuhdem.com.tr\/tr\/wp-json\/wp\/v2\/pages"}],"about":[{"href":"https:\/\/www.nuhdem.com.tr\/tr\/wp-json\/wp\/v2\/types\/page"}],"author":[{"embeddable":true,"href":"https:\/\/www.nuhdem.com.tr\/tr\/wp-json\/wp\/v2\/users\/1"}],"replies":[{"embeddable":true,"href":"https:\/\/www.nuhdem.com.tr\/tr\/wp-json\/wp\/v2\/comments?post=1305"}],"version-history":[{"count":8,"href":"https:\/\/www.nuhdem.com.tr\/tr\/wp-json\/wp\/v2\/pages\/1305\/revisions"}],"predecessor-version":[{"id":1577,"href":"https:\/\/www.nuhdem.com.tr\/tr\/wp-json\/wp\/v2\/pages\/1305\/revisions\/1577"}],"up":[{"embeddable":true,"href":"https:\/\/www.nuhdem.com.tr\/tr\/wp-json\/wp\/v2\/pages\/1236"}],"wp:attachment":[{"href":"https:\/\/www.nuhdem.com.tr\/tr\/wp-json\/wp\/v2\/media?parent=1305"}],"curies":[{"name":"wp","href":"https:\/\/api.w.org\/{rel}","templated":true}]}}