{"id":1676,"date":"2021-05-11T18:35:17","date_gmt":"2021-05-11T15:35:17","guid":{"rendered":"http:\/\/www.nuhdem.com.tr\/tr\/?page_id=1676"},"modified":"2021-05-11T18:42:14","modified_gmt":"2021-05-11T15:42:14","slug":"kalite-politikamiz","status":"publish","type":"page","link":"https:\/\/www.nuhdem.com.tr\/tr\/kurumsal\/kalite-politikamiz\/","title":{"rendered":"Kalite Politikam\u0131z"},"content":{"rendered":"\n<p><strong>NUHDEM PLAST\u0130K SANAY\u0130 VE T\u0130CARET ANON\u0130M \u015e\u0130RKET\u0130<\/strong>&nbsp;olarak faaliyetlerimizi s\u00fcrd\u00fcrd\u00fc\u011f\u00fcm\u00fcz Plastik Damacana \u00dcr\u00fcnlerinin tasar\u0131m\u0131, \u00fcretimi, depolanmas\u0131 ve sevkiyat\u0131 ile ilgili t\u00fcm \u00fcretim alanlar\u0131nda, y\u00fcksek kaliteli, sa\u011fl\u0131kl\u0131 ve g\u00fcvenilir \u00fcr\u00fcnleri geli\u015fmi\u015f teknolojileri kullanarak \u00fcretirken uymay\u0131 taahh\u00fct etti\u011fimiz politikam\u0131z;<\/p>\n\n\n\n<ul><li><strong>Firmam\u0131z yasal \u015fartlar\u0131n\u0131n bilincinde olup, bu \u015fartlar do\u011frultusunda kurulu\u015f&nbsp;amac\u0131na uygun kalmay\u0131, uygulanabilir t\u00fcm \u015fartlar\u0131 yerine getirece\u011fini,&nbsp;<\/strong><\/li><li><strong>ISO&nbsp;9001&nbsp;ve&nbsp;ISO 22000&nbsp;sistem&nbsp;\u015fartlar\u0131na uygun olarak ve BRC IoP Ambalaj ve Ambalaj Malzemeleri \u0130\u00e7in Global Standart gerekliliklerine&nbsp;uygun olarak faaliyetlerini s\u00fcrd\u00fcrmeyi,<\/strong><\/li><li><strong>Personelinin kat\u0131l\u0131m\u0131yla en y\u00fcksek fayday\u0131 olu\u015fturmak \u00fczere \u00e7al\u0131\u015fanlar\u0131n\u0131n yetkinliklerini ve e\u011fitim seviyelerini geli\u015ftirmeyi,<\/strong><\/li><li><strong>%&nbsp;100&nbsp;g\u0131da g\u00fcvenli\u011fi&nbsp;ve&nbsp;m\u00fc\u015fteri memnuniyetiyle birle\u015fmi\u015f Kalite Sisteminin t\u00fcm i\u015fletmede uygulanmas\u0131n\u0131, \u00f6l\u00e7\u00fclebilir hedefler&nbsp;ile&nbsp;desteklenmesini,&nbsp;s\u00fcrekli iyile\u015ftirme ile geli\u015ftirilmesini ve g\u00f6zden ge\u00e7irilmesini sa\u011flayarak Plastik Damacana sekt\u00f6r\u00fcndeki&nbsp;yerini&nbsp;hep bir&nbsp;\u00fcst&nbsp;noktaya \u00e7\u0131kartmay\u0131&nbsp;taahh\u00fct ederiz.<\/strong><\/li><\/ul>\n","protected":false},"excerpt":{"rendered":"<p>NUHDEM PLAST\u0130K SANAY\u0130 VE T\u0130CARET ANON\u0130M \u015e\u0130RKET\u0130&nbsp;olarak faaliyetlerimizi s\u00fcrd\u00fcrd\u00fc\u011f\u00fcm\u00fcz Plastik Damacana \u00dcr\u00fcnlerinin tasar\u0131m\u0131, \u00fcretimi, depolanmas\u0131 ve sevkiyat\u0131 ile ilgili t\u00fcm \u00fcretim &#8230;<\/p>\n","protected":false},"author":1,"featured_media":0,"parent":859,"menu_order":0,"comment_status":"closed","ping_status":"closed","template":"","meta":{"ngg_post_thumbnail":0,"footnotes":""},"_links":{"self":[{"href":"https:\/\/www.nuhdem.com.tr\/tr\/wp-json\/wp\/v2\/pages\/1676"}],"collection":[{"href":"https:\/\/www.nuhdem.com.tr\/tr\/wp-json\/wp\/v2\/pages"}],"about":[{"href":"https:\/\/www.nuhdem.com.tr\/tr\/wp-json\/wp\/v2\/types\/page"}],"author":[{"embeddable":true,"href":"https:\/\/www.nuhdem.com.tr\/tr\/wp-json\/wp\/v2\/users\/1"}],"replies":[{"embeddable":true,"href":"https:\/\/www.nuhdem.com.tr\/tr\/wp-json\/wp\/v2\/comments?post=1676"}],"version-history":[{"count":5,"href":"https:\/\/www.nuhdem.com.tr\/tr\/wp-json\/wp\/v2\/pages\/1676\/revisions"}],"predecessor-version":[{"id":1683,"href":"https:\/\/www.nuhdem.com.tr\/tr\/wp-json\/wp\/v2\/pages\/1676\/revisions\/1683"}],"up":[{"embeddable":true,"href":"https:\/\/www.nuhdem.com.tr\/tr\/wp-json\/wp\/v2\/pages\/859"}],"wp:attachment":[{"href":"https:\/\/www.nuhdem.com.tr\/tr\/wp-json\/wp\/v2\/media?parent=1676"}],"curies":[{"name":"wp","href":"https:\/\/api.w.org\/{rel}","templated":true}]}}