{"id":679,"date":"2015-03-17T05:32:59","date_gmt":"2015-03-17T05:32:59","guid":{"rendered":"http:\/\/wpcharming.wpengine.com\/construction\/?page_id=679"},"modified":"2021-02-08T01:03:44","modified_gmt":"2021-02-07T22:03:44","slug":"home-fullscreen","status":"publish","type":"page","link":"https:\/\/www.nuhdem.com.tr\/tr\/","title":{"rendered":"Anasayfa"},"content":{"rendered":"<p>[vc_row row_type=&#8221;row_fullwidth_content&#8221; margin_top=&#8221;-80&#8243; padding_bottom=&#8221;0&#8243; class=&#8221;fit-screen&#8221;][vc_column][rev_slider_vc alias=&#8221;anasayfa&#8221; el_class=&#8221;home-desktop-tr&#8221;][\/vc_column][\/vc_row][vc_row row_type=&#8221;row_fullwidth_content&#8221; margin_top=&#8221;-80&#8243; padding_bottom=&#8221;0&#8243; class=&#8221;fit-screen&#8221;][vc_column][rev_slider_vc alias=&#8221;home-mobile-tr&#8221; el_class=&#8221;home-mobile-tr&#8221;][\/vc_column][\/vc_row][vc_row row_type=&#8221;row_full_center_content&#8221; padding_top=&#8221;60&#8243;][vc_column]\n\t<div class=\"custom-heading wpb_content_element \">\n\t\t<h2 class=\"heading-title\" >Yeni \u00dcr\u00fcnlerimiz<\/h2>\n\t\t<span class=\"heading-line primary\"><\/span>\n\t<\/div>[\/vc_column][\/vc_row][vc_row row_type=&#8221;row_full_center_content&#8221; padding_top=&#8221;70&#8243; padding_bottom=&#8221;50&#8243; class=&#8221;mobile-no-margin-top inverted-row&#8221;][vc_column width=&#8221;1\/3&#8243;]\n\t<div class=\"wpb_content_element featured-box \" >\n\t\t\t<div class=\"featured-box-thumb\"><a title=\"Kulplu Damacana\" target=\"\" href=\"http:\/\/www.nuhdem.com.tr\/tr\/urunlerimiz\/kulplu-damacana\/\"><img src=\"https:\/\/www.nuhdem.com.tr\/wp-content\/uploads\/2020\/12\/anasayfa_kuplu.jpg\"><\/a>\n\t\t\t<\/div>\n\t\t\t<div class=\"featured-box-content\"><h4>Kulplu Damacana<\/h4>\n\t\t\t\t\t<div class=\"featured-box-desc\"><p>Ar-ge \u00e7al\u0131\u015fmalar\u0131m\u0131z sonucu tasarlanm\u0131\u015f olan kulplu damacana \u015fi\u015femiz ta\u015f\u0131ma kolayl\u0131\u011f\u0131n\u0131n yans\u0131ra , kolay y\u0131kanabilir \u015fi\u015fenin avantajlar\u0131n\u0131 da beraberinde getirmektedir. . \u00d6zel tasar\u0131m\u0131 sayesinde \u015fi\u015fe i\u00e7erisinde kal\u0131nt\u0131 kalmaz. (mikrop, dezenfektan, y\u0131kama kimyasal\u0131 vs)<\/p>\n\t\t\t\t\t<\/div>\n\t\t\t\t\t<div class=\"featured-box-button\">\n\t\t\t\t\t\t<a title=\"Kulplu Damacana\" target=\"\" href=\"http:\/\/www.nuhdem.com.tr\/tr\/urunlerimiz\/kulplu-damacana\/\" class=\"\">\u00dcr\u00fcn Detay\u0131<\/a>\n\t\t\t\t\t<\/div>\n\t\t\t<\/div>\n\t<\/div>[\/vc_column][vc_column width=&#8221;1\/3&#8243;]\n\t<div class=\"wpb_content_element featured-box \" >\n\t\t\t<div class=\"featured-box-thumb\"><a title=\"Kolay Y\u0131kanabilir\" target=\"\" href=\"http:\/\/www.nuhdem.com.tr\/tr\/urunlerimiz\/kolay-yikanabilir\/\"><img src=\"https:\/\/www.nuhdem.com.tr\/wp-content\/uploads\/2021\/02\/anasayfa_kolayyikanabilir-1.jpg\"><\/a>\n\t\t\t<\/div>\n\t\t\t<div class=\"featured-box-content\"><h4>Kolay Y\u0131kanabilir<\/h4>\n\t\t\t\t\t<div class=\"featured-box-desc\"><p>Uzun s\u00fcren AR-GE \u00e7al\u0131\u015fmalar\u0131ndan sonra, damacana dolum tesislerinde \u00e7ok daha kolay y\u0131kanabilen tasar\u0131m. \u00d6zel tasar\u0131m\u0131 sayesinde \u015fi\u015fe i\u00e7erisinde kal\u0131nt\u0131 kalmaz. (mikrop, dezenfektan, y\u0131kama kimyas\u0131 vs)<\/p>\n\t\t\t\t\t<\/div>\n\t\t\t\t\t<div class=\"featured-box-button\">\n\t\t\t\t\t\t<a title=\"Kolay Y\u0131kanabilir\" target=\"\" href=\"http:\/\/www.nuhdem.com.tr\/tr\/urunlerimiz\/kolay-yikanabilir\/\" class=\"\">\u00dcr\u00fcn Detay\u0131<\/a>\n\t\t\t\t\t<\/div>\n\t\t\t<\/div>\n\t<\/div>[\/vc_column][vc_column width=&#8221;1\/3&#8243;]\n\t<div class=\"wpb_content_element featured-box \" >\n\t\t\t<div class=\"featured-box-thumb\"><a title=\"D\u00f6rt Ku\u015fakl\u0131\" target=\"\" href=\"http:\/\/www.nuhdem.com.tr\/tr\/urunlerimiz\/pc-polikarbonat\/dort-kusakli\/\"><img src=\"https:\/\/www.nuhdem.com.tr\/wp-content\/uploads\/2020\/12\/anasayfa_4kusak-1.jpg\"><\/a>\n\t\t\t<\/div>\n\t\t\t<div class=\"featured-box-content\"><h4>D\u00f6rt Ku\u015fakl\u0131<\/h4>\n\t\t\t\t\t<div class=\"featured-box-desc\"><p>E\u015fsiz tasar\u0131m\u0131 sayesinde farkl\u0131l\u0131k arayan m\u00fc\u015fterilerimiz i\u00e7in \u00fcst\u00fcn dayan\u0131ml\u0131 damacana \u015fi\u015fe olarak tasarlanm\u0131\u015ft\u0131r.<\/p>\n\t\t\t\t\t<\/div>\n\t\t\t\t\t<div class=\"featured-box-button\">\n\t\t\t\t\t\t<a title=\"D\u00f6rt Ku\u015fakl\u0131\" target=\"\" href=\"http:\/\/www.nuhdem.com.tr\/tr\/urunlerimiz\/pc-polikarbonat\/dort-kusakli\/\" class=\"\">\u00dcr\u00fcn Detay\u0131<\/a>\n\t\t\t\t\t<\/div>\n\t\t\t<\/div>\n\t<\/div>[\/vc_column][\/vc_row][vc_row row_type=&#8221;row_full_center_content&#8221; padding_top=&#8221;60&#8243;][vc_column]\n\t<div class=\"custom-heading wpb_content_element \">\n\t\t<h2 class=\"heading-title\" >Referanslar\u0131m\u0131z<\/h2>\n\t\t<span class=\"heading-line primary\"><\/span>\n\t<\/div>[vc_column_text]<div class=\"lshowcase-clear-both\">&nbsp;<\/div><div class=\"lshowcase-logos \"><div class='lshowcase-flex' ><div  data-entry-id='933' class='lshowcase-thumb lshowcase-normal lshowcase-box-6 ls-referanslar '><div style=\"padding:10%;\" class=\"lshowcase-wrap-responsive\"><div data-entry-id=\"933\" class=\"lshowcase-boxInner\"><img data-original-title='Erikli' data-entry-id='933' src='https:\/\/www.nuhdem.com.tr\/wp-content\/uploads\/2020\/09\/erikli-200x100.jpg'  width='200'  height = '100'  alt='Erikli' title='' class='lshowcase-thumb'  \/><\/div><\/div><\/div><div  data-entry-id='939' class='lshowcase-thumb lshowcase-normal lshowcase-box-6 ls-referanslar '><div style=\"padding:10%;\" class=\"lshowcase-wrap-responsive\"><div data-entry-id=\"939\" class=\"lshowcase-boxInner\"><img data-original-title='Nestle Pure Life' data-entry-id='939' src='https:\/\/www.nuhdem.com.tr\/wp-content\/uploads\/2020\/09\/nestle_pure_life-200x100.jpg'  width='200'  height = '100'  alt='Nestle Pure Life' title='' class='lshowcase-thumb'  \/><\/div><\/div><\/div><div  data-entry-id='945' class='lshowcase-thumb lshowcase-normal lshowcase-box-6 ls-referanslar '><div style=\"padding:10%;\" class=\"lshowcase-wrap-responsive\"><div data-entry-id=\"945\" class=\"lshowcase-boxInner\"><img data-original-title='S\u0131rma' data-entry-id='945' src='https:\/\/www.nuhdem.com.tr\/wp-content\/uploads\/2020\/09\/sirma-200x100.jpg'  width='200'  height = '100'  alt='S\u0131rma' title='' class='lshowcase-thumb'  \/><\/div><\/div><\/div><div  data-entry-id='929' class='lshowcase-thumb lshowcase-normal lshowcase-box-6 ls-referanslar '><div style=\"padding:10%;\" class=\"lshowcase-wrap-responsive\"><div data-entry-id=\"929\" class=\"lshowcase-boxInner\"><img data-original-title='Danone Hayat' data-entry-id='929' src='https:\/\/www.nuhdem.com.tr\/wp-content\/uploads\/2020\/09\/danonehayat-200x100.jpg'  width='200'  height = '100'  alt='Danone Hayat' title='' class='lshowcase-thumb'  \/><\/div><\/div><\/div><div  data-entry-id='937' class='lshowcase-thumb lshowcase-normal lshowcase-box-6 ls-referanslar '><div style=\"padding:10%;\" class=\"lshowcase-wrap-responsive\"><div data-entry-id=\"937\" class=\"lshowcase-boxInner\"><img data-original-title='Kuzeyden' data-entry-id='937' src='https:\/\/www.nuhdem.com.tr\/wp-content\/uploads\/2020\/09\/kuzeyden-200x100.jpg'  width='200'  height = '100'  alt='Kuzeyden' title='' class='lshowcase-thumb'  \/><\/div><\/div><\/div><div  data-entry-id='1363' class='lshowcase-thumb lshowcase-normal lshowcase-box-6 ls-referanslar '><div style=\"padding:10%;\" class=\"lshowcase-wrap-responsive\"><div data-entry-id=\"1363\" class=\"lshowcase-boxInner\"><img data-original-title='Danone' data-entry-id='1363' src='https:\/\/www.nuhdem.com.tr\/wp-content\/uploads\/2020\/12\/danonesur-200x100.jpg'  width='200'  height = '100'  alt='Danone' title='' class='lshowcase-thumb'  \/><\/div><\/div><\/div><div  data-entry-id='943' class='lshowcase-thumb lshowcase-normal lshowcase-box-6 ls-referanslar '><div style=\"padding:10%;\" class=\"lshowcase-wrap-responsive\"><div data-entry-id=\"943\" class=\"lshowcase-boxInner\"><img data-original-title='Saka' data-entry-id='943' src='https:\/\/www.nuhdem.com.tr\/wp-content\/uploads\/2020\/09\/saka-200x100.jpg'  width='200'  height = '100'  alt='Saka' title='' class='lshowcase-thumb'  \/><\/div><\/div><\/div><div  data-entry-id='925' class='lshowcase-thumb lshowcase-normal lshowcase-box-6 ls-referanslar '><div style=\"padding:10%;\" class=\"lshowcase-wrap-responsive\"><div data-entry-id=\"925\" class=\"lshowcase-boxInner\"><img data-original-title='Aygaz' data-entry-id='925' src='https:\/\/www.nuhdem.com.tr\/wp-content\/uploads\/2020\/09\/aygaz-200x100.jpg'  width='200'  height = '100'  alt='Aygaz' title='' class='lshowcase-thumb'  \/><\/div><\/div><\/div><div  data-entry-id='935' class='lshowcase-thumb lshowcase-normal lshowcase-box-6 ls-referanslar '><div style=\"padding:10%;\" class=\"lshowcase-wrap-responsive\"><div data-entry-id=\"935\" class=\"lshowcase-boxInner\"><img data-original-title='Hamidiye' data-entry-id='935' src='https:\/\/www.nuhdem.com.tr\/wp-content\/uploads\/2020\/09\/hamidiye-200x100.jpg'  width='200'  height = '100'  alt='Hamidiye' title='' class='lshowcase-thumb'  \/><\/div><\/div><\/div><div  data-entry-id='931' class='lshowcase-thumb lshowcase-normal lshowcase-box-6 ls-referanslar '><div style=\"padding:10%;\" class=\"lshowcase-wrap-responsive\"><div data-entry-id=\"931\" class=\"lshowcase-boxInner\"><img data-original-title='Elmac\u0131k' data-entry-id='931' src='https:\/\/www.nuhdem.com.tr\/wp-content\/uploads\/2020\/09\/elmacik-200x100.jpg'  width='200'  height = '100'  alt='Elmac\u0131k' title='' class='lshowcase-thumb'  \/><\/div><\/div><\/div><div  data-entry-id='941' class='lshowcase-thumb lshowcase-normal lshowcase-box-6 ls-referanslar '><div style=\"padding:10%;\" class=\"lshowcase-wrap-responsive\"><div data-entry-id=\"941\" class=\"lshowcase-boxInner\"><img data-original-title='P\u00fcrsu' data-entry-id='941' src='https:\/\/www.nuhdem.com.tr\/wp-content\/uploads\/2020\/09\/pursu-200x100.jpg'  width='200'  height = '100'  alt='P\u00fcrsu' title='' class='lshowcase-thumb'  \/><\/div><\/div><\/div><div  data-entry-id='927' class='lshowcase-thumb lshowcase-normal lshowcase-box-6 ls-referanslar '><div style=\"padding:10%;\" class=\"lshowcase-wrap-responsive\"><div data-entry-id=\"927\" class=\"lshowcase-boxInner\"><img data-original-title='Beykoz \u00c7ubuklu' data-entry-id='927' src='https:\/\/www.nuhdem.com.tr\/wp-content\/uploads\/2020\/09\/beykozcubuklu-200x100.jpg'  width='200'  height = '100'  alt='Beykoz \u00c7ubuklu' title='' class='lshowcase-thumb'  \/><\/div><\/div><\/div><div  data-entry-id='947' class='lshowcase-thumb lshowcase-normal lshowcase-box-6 ls-referanslar '><div style=\"padding:10%;\" class=\"lshowcase-wrap-responsive\"><div data-entry-id=\"947\" class=\"lshowcase-boxInner\"><img data-original-title='S\u0131rmake\u015f' data-entry-id='947' src='https:\/\/www.nuhdem.com.tr\/wp-content\/uploads\/2020\/09\/sirmakes-200x100.jpg'  width='200'  height = '100'  alt='S\u0131rmake\u015f' title='' class='lshowcase-thumb'  \/><\/div><\/div><\/div><div  data-entry-id='1366' class='lshowcase-thumb lshowcase-normal lshowcase-box-6 ls-referanslar '><div style=\"padding:10%;\" class=\"lshowcase-wrap-responsive\"><div data-entry-id=\"1366\" class=\"lshowcase-boxInner\"><img data-original-title='Milasu' data-entry-id='1366' src='https:\/\/www.nuhdem.com.tr\/wp-content\/uploads\/2020\/12\/milasu-200x100.jpg'  width='200'  height = '100'  alt='Milasu' title='' class='lshowcase-thumb'  \/><\/div><\/div><\/div><div  data-entry-id='1367' class='lshowcase-thumb lshowcase-normal lshowcase-box-6 ls-referanslar '><div style=\"padding:10%;\" class=\"lshowcase-wrap-responsive\"><div data-entry-id=\"1367\" class=\"lshowcase-boxInner\"><img data-original-title='arwa' data-entry-id='1367' src='https:\/\/www.nuhdem.com.tr\/wp-content\/uploads\/2020\/12\/arwasu-200x100.jpg'  width='200'  height = '100'  alt='arwa' title='' class='lshowcase-thumb'  \/><\/div><\/div><\/div><\/div><\/div><div class=\"lshowcase-clear-both\">&nbsp;<\/div>[\/vc_column_text][\/vc_column][\/vc_row][vc_row][vc_column][\/vc_column][\/vc_row]<\/p>\n","protected":false},"excerpt":{"rendered":"<p>[vc_row row_type=&#8221;row_fullwidth_content&#8221; margin_top=&#8221;-80&#8243; padding_bottom=&#8221;0&#8243; class=&#8221;fit-screen&#8221;][vc_column][rev_slider_vc alias=&#8221;anasayfa&#8221; el_class=&#8221;home-desktop-tr&#8221;][\/vc_column][\/vc_row][vc_row row_type=&#8221;row_fullwidth_content&#8221; margin_top=&#8221;-80&#8243; padding_bottom=&#8221;0&#8243; class=&#8221;fit-screen&#8221;][vc_column][rev_slider_vc alias=&#8221;home-mobile-tr&#8221; el_class=&#8221;home-mobile-tr&#8221;][\/vc_column][\/vc_row][vc_row row_type=&#8221;row_full_center_content&#8221; padding_top=&#8221;60&#8243;][vc_column][\/vc_column][\/vc_row][vc_row row_type=&#8221;row_full_center_content&#8221; padding_top=&#8221;70&#8243; padding_bottom=&#8221;50&#8243; class=&#8221;mobile-no-margin-top inverted-row&#8221;][vc_column width=&#8221;1\/3&#8243;][\/vc_column][vc_column &#8230;<\/p>\n","protected":false},"author":1,"featured_media":0,"parent":0,"menu_order":0,"comment_status":"open","ping_status":"open","template":"","meta":{"ngg_post_thumbnail":0,"footnotes":""},"_links":{"self":[{"href":"https:\/\/www.nuhdem.com.tr\/tr\/wp-json\/wp\/v2\/pages\/679"}],"collection":[{"href":"https:\/\/www.nuhdem.com.tr\/tr\/wp-json\/wp\/v2\/pages"}],"about":[{"href":"https:\/\/www.nuhdem.com.tr\/tr\/wp-json\/wp\/v2\/types\/page"}],"author":[{"embeddable":true,"href":"https:\/\/www.nuhdem.com.tr\/tr\/wp-json\/wp\/v2\/users\/1"}],"replies":[{"embeddable":true,"href":"https:\/\/www.nuhdem.com.tr\/tr\/wp-json\/wp\/v2\/comments?post=679"}],"version-history":[{"count":57,"href":"https:\/\/www.nuhdem.com.tr\/tr\/wp-json\/wp\/v2\/pages\/679\/revisions"}],"predecessor-version":[{"id":1674,"href":"https:\/\/www.nuhdem.com.tr\/tr\/wp-json\/wp\/v2\/pages\/679\/revisions\/1674"}],"wp:attachment":[{"href":"https:\/\/www.nuhdem.com.tr\/tr\/wp-json\/wp\/v2\/media?parent=679"}],"curies":[{"name":"wp","href":"https:\/\/api.w.org\/{rel}","templated":true}]}}