{"id":862,"date":"2020-09-06T15:10:28","date_gmt":"2020-09-06T12:10:28","guid":{"rendered":"http:\/\/www.nuhdem.com.tr\/tr\/?page_id=862"},"modified":"2020-12-03T23:57:26","modified_gmt":"2020-12-03T20:57:26","slug":"biz-kimiz","status":"publish","type":"page","link":"https:\/\/www.nuhdem.com.tr\/tr\/kurumsal\/biz-kimiz\/","title":{"rendered":"Biz Kimiz"},"content":{"rendered":"<p>[vc_row][vc_column width=&#8221;2\/3&#8243;][vc_column_text]<strong>NUHDEM PLAST\u0130K SANAY\u0130 VE T\u0130CARET ANON\u0130M \u015e\u0130RKET\u0130;<\/strong> 2004 Y\u0131l\u0131nda Polikarbonat (PC) 19 lt damacana \u00fcretimine ba\u015flam\u0131\u015f, y\u0131ll\u0131k kapasitesi 5.000.000 (be\u015f milyon) adet olup sekt\u00f6r\u00fcnde Avrupa\u2019n\u0131n lider firmas\u0131 olarak yerini alm\u0131\u015ft\u0131r . Ar-Ge \u00e7al\u0131\u015fmalar\u0131 sonucu 2009 y\u0131l\u0131nda D\u00fcnyan\u0131n ilk BPA (BISPHENOL-A) i\u00e7ermeyen TRITAN damacanas\u0131n\u0131 \u00fcretmi\u015ftir. Y\u0131llard\u0131r bu \u00fcr\u00fcn\u00fc ile uluslararas\u0131 su firmalar\u0131na tedarik sa\u011flamaktad\u0131r. Ar-ge \u00e7al\u0131\u015fmalar\u0131yla damacana sekt\u00f6r\u00fcnde her zaman \u00f6nc\u00fcl\u00fck etmi\u015f ve \u00f6rnek al\u0131nm\u0131\u015ft\u0131r. Bu \u00e7al\u0131\u015fmalar sonucu BPA\u2019s\u0131z damacana, kolay y\u0131kanabilir damacana, RFID (Radyo frekans ile tan\u0131mlama) \u00e7ipli damacana, kulplu damacana ve d\u00fc\u015f\u00fck gramaj damacana vb. gibi \u00fcr\u00fcnlerde sekt\u00f6r belirleyici yenilikler sa\u011flam\u0131\u015ft\u0131r. B\u00fcnyesine katm\u0131\u015f oldu\u011fu farkl\u0131 sekt\u00f6rlerdeki yat\u0131r\u0131mlar\u0131 ile faaliyetini s\u00fcrd\u00fcrmektedir.[\/vc_column_text][\/vc_column][vc_column width=&#8221;1\/3&#8243;][vc_single_image image=&#8221;1375&#8243; img_size=&#8221;full&#8221;][\/vc_column][\/vc_row]<\/p>\n","protected":false},"excerpt":{"rendered":"<p>[vc_row][vc_column width=&#8221;2\/3&#8243;][vc_column_text]NUHDEM PLAST\u0130K SANAY\u0130 VE T\u0130CARET ANON\u0130M \u015e\u0130RKET\u0130; 2004 Y\u0131l\u0131nda Polikarbonat (PC) 19 lt damacana \u00fcretimine ba\u015flam\u0131\u015f, y\u0131ll\u0131k kapasitesi 5.000.000 (be\u015f &#8230;<\/p>\n","protected":false},"author":1,"featured_media":0,"parent":859,"menu_order":0,"comment_status":"closed","ping_status":"closed","template":"","meta":{"ngg_post_thumbnail":0,"footnotes":""},"_links":{"self":[{"href":"https:\/\/www.nuhdem.com.tr\/tr\/wp-json\/wp\/v2\/pages\/862"}],"collection":[{"href":"https:\/\/www.nuhdem.com.tr\/tr\/wp-json\/wp\/v2\/pages"}],"about":[{"href":"https:\/\/www.nuhdem.com.tr\/tr\/wp-json\/wp\/v2\/types\/page"}],"author":[{"embeddable":true,"href":"https:\/\/www.nuhdem.com.tr\/tr\/wp-json\/wp\/v2\/users\/1"}],"replies":[{"embeddable":true,"href":"https:\/\/www.nuhdem.com.tr\/tr\/wp-json\/wp\/v2\/comments?post=862"}],"version-history":[{"count":9,"href":"https:\/\/www.nuhdem.com.tr\/tr\/wp-json\/wp\/v2\/pages\/862\/revisions"}],"predecessor-version":[{"id":1378,"href":"https:\/\/www.nuhdem.com.tr\/tr\/wp-json\/wp\/v2\/pages\/862\/revisions\/1378"}],"up":[{"embeddable":true,"href":"https:\/\/www.nuhdem.com.tr\/tr\/wp-json\/wp\/v2\/pages\/859"}],"wp:attachment":[{"href":"https:\/\/www.nuhdem.com.tr\/tr\/wp-json\/wp\/v2\/media?parent=862"}],"curies":[{"name":"wp","href":"https:\/\/api.w.org\/{rel}","templated":true}]}}