{"id":865,"date":"2020-09-06T15:14:14","date_gmt":"2020-09-06T12:14:14","guid":{"rendered":"http:\/\/www.nuhdem.com.tr\/tr\/?page_id=865"},"modified":"2021-09-08T13:03:57","modified_gmt":"2021-09-08T10:03:57","slug":"grup-sirketlerimiz","status":"publish","type":"page","link":"https:\/\/www.nuhdem.com.tr\/tr\/kurumsal\/grup-sirketlerimiz\/","title":{"rendered":"Grup \u015eirketlerimiz"},"content":{"rendered":"<p>[vc_row][vc_column width=&#8221;1\/4&#8243;][vc_single_image image=&#8221;975&#8243; img_size=&#8221;full&#8221; onclick=&#8221;custom_link&#8221; img_link_target=&#8221;_blank&#8221; link=&#8221;http:\/\/www.nuhtel.com.tr&#8221;][\/vc_column][vc_column width=&#8221;3\/4&#8243;][vc_column_text]<\/p>\n<h2>Nuhtel;<\/h2>\n<p>Firmam\u0131z b\u00fcnyesindeki ba\u015fl\u0131ca \u00fcr\u00fcnler; s\u0131cak dald\u0131rma galvanizli tel, dikenli tel, so\u011fuk \u00e7ekilmi\u015f tel, tavl\u0131 tel, ya\u011fl\u0131 balya teli, \u00e7e\u015fitli boylarda \u00e7ubuk tel, in\u015faat \u00e7ivisi \u00fcr\u00fcnlerini \u00fcretmektedir ve d\u00fcnyan\u0131n d\u00f6rt bir yan\u0131na ihracat\u0131n\u0131 yapmaktad\u0131r.<\/p>\n<p>Websitesi: <a href=\"http:\/\/www.nuhtel.com.tr\" target=\"_blank\" rel=\"noopener noreferrer\">http:\/\/www.nuhtel.com.tr<\/a>[\/vc_column_text][\/vc_column][\/vc_row][vc_row][vc_column][vc_separator][\/vc_column][\/vc_row][vc_row][vc_column width=&#8221;1\/4&#8243;][vc_single_image image=&#8221;977&#8243; img_size=&#8221;full&#8221; onclick=&#8221;custom_link&#8221; img_link_target=&#8221;_blank&#8221; link=&#8221;http:\/\/www.nuhkompozit.com.tr&#8221;][\/vc_column][vc_column width=&#8221;3\/4&#8243;][vc_column_text]<\/p>\n<h2>Nuh Kompozit;<\/h2>\n<p>T\u00fcrkiye\u2019de Uzun Cam Elyaf Takviyeli Plastik kullan\u0131c\u0131lar\u0131na yerli \u00fcretici olarak d\u00fcnya standartlar\u0131nda \u00fcr\u00fcnler \/ \u00e7\u00f6z\u00fcmler sunarak T\u00fcrkiye ekonomisine ve Kompozit Sekt\u00f6r\u00fcne katk\u0131 sa\u011flamakt\u0131r.<\/p>\n<p>Websitesi: <a href=\"http:\/\/www.nuhkompozit.com.tr\" target=\"_blank\" rel=\"noopener noreferrer\">http:\/\/www.nuhkompozit.com.tr<\/a>[\/vc_column_text][\/vc_column][\/vc_row][vc_row][vc_column][vc_separator][\/vc_column][\/vc_row][vc_row][vc_column width=&#8221;1\/4&#8243;][vc_single_image image=&#8221;978&#8243; img_size=&#8221;full&#8221; onclick=&#8221;custom_link&#8221; img_link_target=&#8221;_blank&#8221; link=&#8221;http:\/\/www.polimernet.com&#8221;][\/vc_column][vc_column width=&#8221;3\/4&#8243;][vc_column_text]<\/p>\n<h2>Polimernet;<\/h2>\n<p>Firmam\u0131z&nbsp;, do\u011fa dostu yenilik\u00e7i uygulamalara y\u00f6nelik \u00fcr\u00fcnleri, konusunda uzman kadrosu ve ambalaj sanayindeki tecr\u00fcbesi ile&nbsp;Bio-Tec Environmental LLC&nbsp;ve&nbsp;EcoPure&nbsp;&nbsp;bio-bozunur katk\u0131lar\u0131n\u0131n&nbsp;T\u00fcrkiye&#8217;deki tek yetkili distrib\u00fct\u00f6r\u00fc, teknik hizmet ve marka lisans\u0131 sa\u011flay\u0131c\u0131s\u0131d\u0131r.<\/p>\n<p>Websitesi: <a href=\"http:\/\/www.polimernet.com\" target=\"_blank\" rel=\"noopener noreferrer\">http:\/\/www.polimernet.com<\/a>[\/vc_column_text][\/vc_column][\/vc_row]<\/p>\n","protected":false},"excerpt":{"rendered":"<p>[vc_row][vc_column width=&#8221;1\/4&#8243;][vc_single_image image=&#8221;975&#8243; img_size=&#8221;full&#8221; onclick=&#8221;custom_link&#8221; img_link_target=&#8221;_blank&#8221; link=&#8221;http:\/\/www.nuhtel.com.tr&#8221;][\/vc_column][vc_column width=&#8221;3\/4&#8243;][vc_column_text] Nuhtel; Firmam\u0131z b\u00fcnyesindeki ba\u015fl\u0131ca \u00fcr\u00fcnler; s\u0131cak dald\u0131rma galvanizli tel, dikenli tel, so\u011fuk \u00e7ekilmi\u015f &#8230;<\/p>\n","protected":false},"author":1,"featured_media":0,"parent":859,"menu_order":0,"comment_status":"closed","ping_status":"closed","template":"","meta":{"ngg_post_thumbnail":0,"footnotes":""},"_links":{"self":[{"href":"https:\/\/www.nuhdem.com.tr\/tr\/wp-json\/wp\/v2\/pages\/865"}],"collection":[{"href":"https:\/\/www.nuhdem.com.tr\/tr\/wp-json\/wp\/v2\/pages"}],"about":[{"href":"https:\/\/www.nuhdem.com.tr\/tr\/wp-json\/wp\/v2\/types\/page"}],"author":[{"embeddable":true,"href":"https:\/\/www.nuhdem.com.tr\/tr\/wp-json\/wp\/v2\/users\/1"}],"replies":[{"embeddable":true,"href":"https:\/\/www.nuhdem.com.tr\/tr\/wp-json\/wp\/v2\/comments?post=865"}],"version-history":[{"count":13,"href":"https:\/\/www.nuhdem.com.tr\/tr\/wp-json\/wp\/v2\/pages\/865\/revisions"}],"predecessor-version":[{"id":1661,"href":"https:\/\/www.nuhdem.com.tr\/tr\/wp-json\/wp\/v2\/pages\/865\/revisions\/1661"}],"up":[{"embeddable":true,"href":"https:\/\/www.nuhdem.com.tr\/tr\/wp-json\/wp\/v2\/pages\/859"}],"wp:attachment":[{"href":"https:\/\/www.nuhdem.com.tr\/tr\/wp-json\/wp\/v2\/media?parent=865"}],"curies":[{"name":"wp","href":"https:\/\/api.w.org\/{rel}","templated":true}]}}