{"id":869,"date":"2020-09-06T15:15:52","date_gmt":"2020-09-06T12:15:52","guid":{"rendered":"http:\/\/www.nuhdem.com.tr\/tr\/?page_id=869"},"modified":"2020-12-03T13:38:24","modified_gmt":"2020-12-03T10:38:24","slug":"mesleki-kuruluslar","status":"publish","type":"page","link":"https:\/\/www.nuhdem.com.tr\/tr\/kurumsal\/mesleki-kuruluslar\/","title":{"rendered":"Mesleki Kurulu\u015flar"},"content":{"rendered":"<p>[vc_row][vc_column width=&#8221;1\/4&#8243;][vc_single_image image=&#8221;982&#8243; img_size=&#8221;200&#215;100&#8243;][\/vc_column][vc_column width=&#8221;3\/4&#8243;][vc_column_text]<strong>SUDER<\/strong>&nbsp;(Ambalajl\u0131 Su \u00dcreticileri Derne\u011fi) \u00fclkemiz genelinde faaliyet g\u00f6steren Ambalajl\u0131 Su \u00dcreticilerinin ve Ambalajl\u0131 Su Sekt\u00f6r\u00fcne y\u00f6nelik faaliyet g\u00f6steren tedarik\u00e7i kurulu\u015flar\u0131n bir araya gelerek olu\u015fturduklar\u0131 sekt\u00f6rel bir sivil toplum \u00f6rg\u00fct\u00fcd\u00fcr.[\/vc_column_text][\/vc_column][\/vc_row][vc_row][vc_column width=&#8221;1\/4&#8243;][vc_single_image image=&#8221;1358&#8243; img_size=&#8221;200&#215;100&#8243;][\/vc_column][vc_column width=&#8221;3\/4&#8243;][vc_column_text]<strong>PAGDER<\/strong>&nbsp;T\u00fcrkiye plastik sekt\u00f6r\u00fcnde faaliyet g\u00f6steren firmalar\u0131 tek bir \u00e7at\u0131 alt\u0131nda toplamak amac\u0131yla 1969 y\u0131l\u0131nda kurulan PAGDER Plastik Sanayicileri Derne\u011fi yakla\u015f\u0131k 500 \u00fcyesiyle plastik sekt\u00f6r\u00fcn\u00fcn en etkin sivil toplum \u00f6rg\u00fctlerinden biridir.[\/vc_column_text][\/vc_column][\/vc_row]<\/p>\n","protected":false},"excerpt":{"rendered":"<p>[vc_row][vc_column width=&#8221;1\/4&#8243;][vc_single_image image=&#8221;982&#8243; img_size=&#8221;200&#215;100&#8243;][\/vc_column][vc_column width=&#8221;3\/4&#8243;][vc_column_text]SUDER&nbsp;(Ambalajl\u0131 Su \u00dcreticileri Derne\u011fi) \u00fclkemiz genelinde faaliyet g\u00f6steren Ambalajl\u0131 Su \u00dcreticilerinin ve Ambalajl\u0131 Su Sekt\u00f6r\u00fcne y\u00f6nelik faaliyet &#8230;<\/p>\n","protected":false},"author":1,"featured_media":0,"parent":859,"menu_order":0,"comment_status":"closed","ping_status":"closed","template":"","meta":{"ngg_post_thumbnail":0,"footnotes":""},"_links":{"self":[{"href":"https:\/\/www.nuhdem.com.tr\/tr\/wp-json\/wp\/v2\/pages\/869"}],"collection":[{"href":"https:\/\/www.nuhdem.com.tr\/tr\/wp-json\/wp\/v2\/pages"}],"about":[{"href":"https:\/\/www.nuhdem.com.tr\/tr\/wp-json\/wp\/v2\/types\/page"}],"author":[{"embeddable":true,"href":"https:\/\/www.nuhdem.com.tr\/tr\/wp-json\/wp\/v2\/users\/1"}],"replies":[{"embeddable":true,"href":"https:\/\/www.nuhdem.com.tr\/tr\/wp-json\/wp\/v2\/comments?post=869"}],"version-history":[{"count":9,"href":"https:\/\/www.nuhdem.com.tr\/tr\/wp-json\/wp\/v2\/pages\/869\/revisions"}],"predecessor-version":[{"id":1360,"href":"https:\/\/www.nuhdem.com.tr\/tr\/wp-json\/wp\/v2\/pages\/869\/revisions\/1360"}],"up":[{"embeddable":true,"href":"https:\/\/www.nuhdem.com.tr\/tr\/wp-json\/wp\/v2\/pages\/859"}],"wp:attachment":[{"href":"https:\/\/www.nuhdem.com.tr\/tr\/wp-json\/wp\/v2\/media?parent=869"}],"curies":[{"name":"wp","href":"https:\/\/api.w.org\/{rel}","templated":true}]}}