{"id":877,"date":"2020-09-06T15:18:19","date_gmt":"2020-09-06T12:18:19","guid":{"rendered":"http:\/\/www.nuhdem.com.tr\/tr\/?page_id=877"},"modified":"2020-12-19T00:48:58","modified_gmt":"2020-12-18T21:48:58","slug":"kulplu-damacana","status":"publish","type":"page","link":"https:\/\/www.nuhdem.com.tr\/tr\/urunlerimiz\/polikarbonat\/kulplu-damacana\/","title":{"rendered":"Kulplu Damacana"},"content":{"rendered":"<p>[vc_row][vc_column][vc_separator][\/vc_column][\/vc_row][vc_row][vc_column width=&#8221;1\/2&#8243;][vc_column_text css=&#8221;.vc_custom_1607339250815{margin-top: -70px !important;}&#8221;]<\/p>\n<p>\n\n\t<div class='ngg-imagebrowser default-view'\n         id='ngg-imagebrowser-aaabeeb42c4136b03c221be0c33d6137-877'\n         data-nextgen-gallery-id=\"aaabeeb42c4136b03c221be0c33d6137\">\n\n        <h3>nuhdem_kulplu_1<\/h3>\n\n\t\t<div id=\"ngg-image-0\" class=\"pic\" >\n        \n        <a href='https:\/\/www.nuhdem.com.tr\/wp-content\/gallery\/kulplu-damacana\/nuhdem_kulplu_1.jpg'\n           title=' '\n           data-src=\"https:\/\/www.nuhdem.com.tr\/wp-content\/gallery\/kulplu-damacana\/nuhdem_kulplu_1.jpg\"\n           data-thumbnail=\"https:\/\/www.nuhdem.com.tr\/wp-content\/gallery\/kulplu-damacana\/thumbs\/thumbs_nuhdem_kulplu_1.jpg\"\n           data-image-id=\"78\"\n           data-title=\"nuhdem_kulplu_1\"\n           data-description=\" \"\n           class=\"ngg-simplelightbox\" rel=\"aaabeeb42c4136b03c221be0c33d6137\">\n            <img title='nuhdem_kulplu_1'\n                 alt='nuhdem_kulplu_1'\n                 src='https:\/\/www.nuhdem.com.tr\/wp-content\/gallery\/kulplu-damacana\/nuhdem_kulplu_1.jpg'\/>\n        <\/a>\n\t    \n        <\/div> \n\n        <div class='ngg-imagebrowser-nav'>\n\n            <div class='back'>\n                <a class='ngg-browser-prev'\n                   id='ngg-prev-68'\n                   href='https:\/\/www.nuhdem.com.tr\/tr\/urunlerimiz\/polikarbonat\/kulplu-damacana\/nggallery\/image\/nuhdem_kulplu_4\/'>\n                    <i class=\"fa fa-chevron-left\" aria-hidden=\"true\"><\/i>\n                <\/a>\n            <\/div>\n\n            <div class='next'>\n                <a class='ngg-browser-next'\n                   id='ngg-next-66'\n                   href='https:\/\/www.nuhdem.com.tr\/tr\/urunlerimiz\/polikarbonat\/kulplu-damacana\/nggallery\/image\/nuhdem_kulplu_2\/'>\n                    <i class=\"fa fa-chevron-right\" aria-hidden=\"true\"><\/i>\n                <\/a>\n            <\/div>\n\n            <div class='counter'>\n                Image                1                of                6            <\/div>\n\n            <div class='ngg-imagebrowser-desc'>\n                <p> <\/p>\n            <\/div>\n\n        <\/div>\n    <\/div>\n\n[\/vc_column_text][\/vc_column][vc_column width=&#8221;1\/2&#8243;][vc_column_text]<\/p>\n<p class=\"font_8\"><strong>Ar-ge \u00e7al\u0131\u015fmalar\u0131m\u0131z sonucu tasarlanm\u0131\u015f olan kulplu damacana \u015fi\u015femiz ta\u015f\u0131ma kolayl\u0131\u011f\u0131n\u0131n yan\u0131s\u0131ra , kolay y\u0131kanabilir \u015fi\u015fenin avantajlar\u0131n\u0131 da beraberinde getirmektedir. . \u00d6zel tasar\u0131m\u0131 sayesinde \u015fi\u015fe i\u00e7erisinde kal\u0131nt\u0131 kalmaz. (bakteri, dezenfektan,&nbsp; y\u0131kama kimyasal\u0131 vs.)<\/strong><\/p>\n<p>[\/vc_column_text][vc_separator][\/vc_column][\/vc_row][vc_row][vc_column][\/vc_column][\/vc_row]<\/p>\n","protected":false},"excerpt":{"rendered":"<p>[vc_row][vc_column][vc_separator][\/vc_column][\/vc_row][vc_row][vc_column width=&#8221;1\/2&#8243;][vc_column_text css=&#8221;.vc_custom_1607339250815{margin-top: -70px !important;}&#8221;] [\/vc_column_text][\/vc_column][vc_column width=&#8221;1\/2&#8243;][vc_column_text] Ar-ge \u00e7al\u0131\u015fmalar\u0131m\u0131z sonucu tasarlanm\u0131\u015f olan kulplu damacana \u015fi\u015femiz ta\u015f\u0131ma kolayl\u0131\u011f\u0131n\u0131n yan\u0131s\u0131ra , kolay y\u0131kanabilir &#8230;<\/p>\n","protected":false},"author":1,"featured_media":0,"parent":1234,"menu_order":0,"comment_status":"closed","ping_status":"closed","template":"","meta":{"ngg_post_thumbnail":0,"footnotes":""},"_links":{"self":[{"href":"https:\/\/www.nuhdem.com.tr\/tr\/wp-json\/wp\/v2\/pages\/877"}],"collection":[{"href":"https:\/\/www.nuhdem.com.tr\/tr\/wp-json\/wp\/v2\/pages"}],"about":[{"href":"https:\/\/www.nuhdem.com.tr\/tr\/wp-json\/wp\/v2\/types\/page"}],"author":[{"embeddable":true,"href":"https:\/\/www.nuhdem.com.tr\/tr\/wp-json\/wp\/v2\/users\/1"}],"replies":[{"embeddable":true,"href":"https:\/\/www.nuhdem.com.tr\/tr\/wp-json\/wp\/v2\/comments?post=877"}],"version-history":[{"count":21,"href":"https:\/\/www.nuhdem.com.tr\/tr\/wp-json\/wp\/v2\/pages\/877\/revisions"}],"predecessor-version":[{"id":1658,"href":"https:\/\/www.nuhdem.com.tr\/tr\/wp-json\/wp\/v2\/pages\/877\/revisions\/1658"}],"up":[{"embeddable":true,"href":"https:\/\/www.nuhdem.com.tr\/tr\/wp-json\/wp\/v2\/pages\/1234"}],"wp:attachment":[{"href":"https:\/\/www.nuhdem.com.tr\/tr\/wp-json\/wp\/v2\/media?parent=877"}],"curies":[{"name":"wp","href":"https:\/\/api.w.org\/{rel}","templated":true}]}}