{"id":885,"date":"2020-09-06T15:24:29","date_gmt":"2020-09-06T12:24:29","guid":{"rendered":"http:\/\/www.nuhdem.com.tr\/tr\/?page_id=885"},"modified":"2020-12-11T17:41:11","modified_gmt":"2020-12-11T14:41:11","slug":"iletisim","status":"publish","type":"page","link":"https:\/\/www.nuhdem.com.tr\/tr\/iletisim\/","title":{"rendered":"\u0130leti\u015fim"},"content":{"rendered":"<p>[vc_row][vc_column][vc_text_separator title=&#8221;\u0130leti\u015fim Bilgileri&#8221; title_align=&#8221;separator_align_left&#8221;][vc_column_text]<strong>Adres: <\/strong>Tuzla Kimya Sanayicileri Organize Sanayi B\u00f6lgesi Melek Aras Bulvar\u0131 No:20 Tuzla &#8211; \u0130stanbul \/ TURKEY<\/p>\n<p><strong>Telefon:<\/strong> +90 (216) 593 20 40 Pbx&nbsp; &nbsp; &nbsp; &nbsp; &nbsp; &nbsp; &nbsp; &nbsp; &nbsp; <strong>Fax: <\/strong>+90 (216) 593 20 38<\/p>\n<p><strong>E-Mail: <a href=\"mailto:info@nuhdem.com.tr\">info@nuhdem.com.tr<\/a><\/strong>[\/vc_column_text][\/vc_column][\/vc_row][vc_row][vc_column][vc_text_separator title=&#8221;Harita Bilgileri&#8221; title_align=&#8221;separator_align_left&#8221;][vc_column_text]<iframe loading=\"lazy\" src=\"https:\/\/www.google.com\/maps\/d\/embed?mid=1g6poN_xl-6mtfsiizQ3O5Yu0GzN632A_&#038;hl=tr\" width=\"700\" height=\"525\"><\/iframe>[\/vc_column_text][\/vc_column][\/vc_row]<\/p>\n","protected":false},"excerpt":{"rendered":"<p>[vc_row][vc_column][vc_text_separator title=&#8221;\u0130leti\u015fim Bilgileri&#8221; title_align=&#8221;separator_align_left&#8221;][vc_column_text]Adres: Tuzla Kimya Sanayicileri Organize Sanayi B\u00f6lgesi Melek Aras Bulvar\u0131 No:20 Tuzla &#8211; \u0130stanbul \/ TURKEY Telefon: +90 &#8230;<\/p>\n","protected":false},"author":1,"featured_media":0,"parent":0,"menu_order":0,"comment_status":"closed","ping_status":"closed","template":"","meta":{"ngg_post_thumbnail":0,"footnotes":""},"_links":{"self":[{"href":"https:\/\/www.nuhdem.com.tr\/tr\/wp-json\/wp\/v2\/pages\/885"}],"collection":[{"href":"https:\/\/www.nuhdem.com.tr\/tr\/wp-json\/wp\/v2\/pages"}],"about":[{"href":"https:\/\/www.nuhdem.com.tr\/tr\/wp-json\/wp\/v2\/types\/page"}],"author":[{"embeddable":true,"href":"https:\/\/www.nuhdem.com.tr\/tr\/wp-json\/wp\/v2\/users\/1"}],"replies":[{"embeddable":true,"href":"https:\/\/www.nuhdem.com.tr\/tr\/wp-json\/wp\/v2\/comments?post=885"}],"version-history":[{"count":17,"href":"https:\/\/www.nuhdem.com.tr\/tr\/wp-json\/wp\/v2\/pages\/885\/revisions"}],"predecessor-version":[{"id":1605,"href":"https:\/\/www.nuhdem.com.tr\/tr\/wp-json\/wp\/v2\/pages\/885\/revisions\/1605"}],"wp:attachment":[{"href":"https:\/\/www.nuhdem.com.tr\/tr\/wp-json\/wp\/v2\/media?parent=885"}],"curies":[{"name":"wp","href":"https:\/\/api.w.org\/{rel}","templated":true}]}}